{"id":2,"date":"2023-12-26T23:05:11","date_gmt":"2023-12-26T23:05:11","guid":{"rendered":"https:\/\/andreea.philbotha.co.nz\/?page_id=2"},"modified":"2024-04-05T23:31:35","modified_gmt":"2024-04-05T23:31:35","slug":"home","status":"publish","type":"page","link":"https:\/\/andreea.philbotha.co.nz\/","title":{"rendered":"Home"},"content":{"rendered":"<p>[et_pb_section fb_built=&#8221;1&#8243; _builder_version=&#8221;4.24.2&#8243; _module_preset=&#8221;default&#8221; background_enable_color=&#8221;off&#8221; custom_padding=&#8221;0%||0%||false|false&#8221; global_colors_info=&#8221;{}&#8221;][et_pb_row _builder_version=&#8221;4.24.2&#8243; _module_preset=&#8221;default&#8221; width=&#8221;70%&#8221; max_width=&#8221;850px&#8221; global_colors_info=&#8221;{}&#8221;][et_pb_column type=&#8221;4_4&#8243; _builder_version=&#8221;4.23.3&#8243; _module_preset=&#8221;default&#8221; global_colors_info=&#8221;{}&#8221;][et_pb_image src=&#8221;https:\/\/andreea.philbotha.co.nz\/wp-content\/uploads\/2024\/03\/welcome.jpg&#8221; title_text=&#8221;welcome&#8221; show_bottom_space=&#8221;off&#8221; _builder_version=&#8221;4.24.2&#8243; _module_preset=&#8221;default&#8221; custom_margin=&#8221;||6%||false|false&#8221; global_colors_info=&#8221;{}&#8221;][\/et_pb_image][et_pb_text _builder_version=&#8221;4.24.2&#8243; _module_preset=&#8221;default&#8221; text_font=&#8221;Baskervville||||||||&#8221; text_text_color=&#8221;#434f22&#8243; text_font_size=&#8221;28px&#8221; text_letter_spacing=&#8221;-0.5px&#8221; text_line_height=&#8221;1.6em&#8221; text_orientation=&#8221;center&#8221; text_font_size_tablet=&#8221;21px&#8221; text_font_size_phone=&#8221;18px&#8221; text_font_size_last_edited=&#8221;on|phone&#8221; global_colors_info=&#8221;{}&#8221;]<\/p>\n<p>Andreea &amp; Phil Welcome you to celebrate their vows before God,<br \/>3pm March 16th \u201924 (California Time).<\/p>\n<p>[\/et_pb_text][et_pb_text _builder_version=&#8221;4.24.2&#8243; _module_preset=&#8221;default&#8221; text_font=&#8221;Baskervville||||||||&#8221; text_text_color=&#8221;#434f22&#8243; text_font_size=&#8221;21px&#8221; text_orientation=&#8221;center&#8221; text_font_size_tablet=&#8221;21px&#8221; text_font_size_phone=&#8221;18px&#8221; text_font_size_last_edited=&#8221;on|phone&#8221; global_colors_info=&#8221;{}&#8221;]<\/p>\n<p>We will be livestreaming our Wedding from here. Stay tuned.<\/p>\n<p>[\/et_pb_text][et_pb_text _builder_version=&#8221;4.24.2&#8243; _module_preset=&#8221;default&#8221; text_font=&#8221;Baskervville||||||||&#8221; text_text_color=&#8221;#434f22&#8243; text_font_size=&#8221;21px&#8221; text_orientation=&#8221;center&#8221; text_font_size_tablet=&#8221;21px&#8221; text_font_size_phone=&#8221;18px&#8221; text_font_size_last_edited=&#8221;on|phone&#8221; global_colors_info=&#8221;{}&#8221;]<\/p>\n<p><em>Timezones: New Zealand time will be 11am Sunday March 17th, Romanian &amp; South African times will be midnight March 17th.<\/em><\/p>\n<p>[\/et_pb_text][\/et_pb_column][\/et_pb_row][et_pb_row _builder_version=&#8221;4.24.2&#8243; _module_preset=&#8221;default&#8221; width=&#8221;70%&#8221; max_width=&#8221;850px&#8221; global_colors_info=&#8221;{}&#8221;][et_pb_column type=&#8221;4_4&#8243; _builder_version=&#8221;4.23.3&#8243; _module_preset=&#8221;default&#8221; global_colors_info=&#8221;{}&#8221;][et_pb_video src=&#8221;https:\/\/www.youtube.com\/watch?v=kiKZdKciZGA&#8221; image_src=&#8221;https:\/\/andreea.philbotha.co.nz\/wp-content\/uploads\/2024\/01\/ap-og.jpg&#8221; _builder_version=&#8221;4.24.2&#8243; _module_preset=&#8221;default&#8221; global_colors_info=&#8221;{}&#8221;][\/et_pb_video][\/et_pb_column][\/et_pb_row][et_pb_row column_structure=&#8221;1_2,1_2&#8243; use_custom_gutter=&#8221;on&#8221; gutter_width=&#8221;2&#8243; _builder_version=&#8221;4.24.2&#8243; _module_preset=&#8221;default&#8221; max_width=&#8221;850px&#8221; global_colors_info=&#8221;{}&#8221;][et_pb_column type=&#8221;1_2&#8243; _builder_version=&#8221;4.24.2&#8243; _module_preset=&#8221;default&#8221; global_colors_info=&#8221;{}&#8221;][et_pb_text _builder_version=&#8221;4.24.2&#8243; _module_preset=&#8221;default&#8221; text_font=&#8221;Baskervville||||||||&#8221; text_font_size=&#8221;17px&#8221; global_colors_info=&#8221;{}&#8221;]<\/p>\n<h2><strong>Programme begins 3pm<\/strong><\/h2>\n<p>\u00cencepe Ceremonia<br \/><em>Ceremony Commences<\/em><\/p>\n<p>Intrarea Miresei<br \/><em>Bride\u2019s Entrance<\/em><\/p>\n<p>Bun venit \u0219i rug\u0103ciune de deschidere<br \/><em>Welcome &amp; Opening Prayer<\/em><\/p>\n<p>C\u00e2ntare De Laud\u0103<br \/><em>\u201cHoly Spirit You Are Welcome Here\u201d<\/em><\/p>\n<p>Jur\u0103mintele de c\u0103s\u0103torie \u0219i schimbul de inele<br \/><em>Marriage Vows &amp; Ring Exchange<\/em><\/p>\n<p>Comuniune \u0219i binecuv\u00e2ntare<br \/><em>Communion &amp; Blessing<\/em><\/p>\n<p>C\u00e2ntare De Sf\u00e2r\u015fit \u2013 \u201cUmbra lui Shaddai\u201d<br \/><em>Closing Song \u2013 \u201cShadow of Shaddai\u201d<\/em><\/p>\n<p>[\/et_pb_text][\/et_pb_column][et_pb_column type=&#8221;1_2&#8243; _builder_version=&#8221;4.24.2&#8243; _module_preset=&#8221;default&#8221; global_colors_info=&#8221;{}&#8221;][et_pb_text _builder_version=&#8221;4.24.2&#8243; _module_preset=&#8221;default&#8221; text_font=&#8221;Baskervville||||||||&#8221; text_font_size=&#8221;17px&#8221; global_colors_info=&#8221;{}&#8221;]<\/p>\n<h3><strong>Sf\u00e2ntule Duh e\u0219ti binevenit aici<\/strong><\/h3>\n<h4><em>Holy Spirit You are Welcome Here<\/em><\/h4>\n<p>[\/et_pb_text][et_pb_toggle title=&#8221;Romanian&#8221; icon_color=&#8221;#000000&#8243; toggle_icon=&#8221;&#x33;||divi||400&#8243; open_icon_color=&#8221;#000000&#8243; open_toggle_icon=&#8221;&#x32;||divi||400&#8243; _builder_version=&#8221;4.24.2&#8243; _module_preset=&#8221;default&#8221; background_color=&#8221;#FFFFFF&#8221; custom_padding=&#8221;0px|0px|0px|0px|false|false&#8221; border_width_all=&#8221;0px&#8221; global_colors_info=&#8221;{}&#8221;]<\/p>\n<p>Nu e nimic mai pre\u021bios<br \/>Care s\u0103 se poata apropia vreodat\u0103<br \/>Nu se compar\u0103 nimic<br \/>Tu e\u0219ti speran\u021ba noastr\u0103 vie<br \/>Prezen\u021ba Ta, Doamne<\/p>\n<p>Am gustat \u0219i am v\u0103zut<br \/>Din cea mai dulce dragoste<br \/>C\u00e2nd inima mea este eliberat\u0103<br \/>\u0218i ru\u0219inea mea este luat\u0103<br \/>Prezen\u021ba Ta, Doamne<\/p>\n<p>Sf\u00e2ntule Duh e\u0219ti binevenit aici<br \/>Vino s\u0103 inunzi acest loc<br \/>\u0218i s\u0103 umpli atmosfera<br \/>Gloria Ta Dumnezeu-le<br \/>Este ceea ce inimile noastre t\u00e2njesc<br \/>S\u0103 fim cople\u0219i\u021bi<br \/>De prezen\u021ba Ta, Doamne<\/p>\n<p>S\u0103 devenim mai con\u0219tien\u021bi<br \/>De prezen\u021ba Ta<br \/>S\u0103 experiment\u0103m gloria<br \/>Bun\u0103t\u0103\u021bii Tale<\/p>\n<p>[\/et_pb_toggle][et_pb_divider color=&#8221;#000000&#8243; _builder_version=&#8221;4.24.2&#8243; _module_preset=&#8221;default&#8221; custom_margin=&#8221;0px||0px||true|false&#8221; custom_padding=&#8221;0px||0px||true|false&#8221; global_colors_info=&#8221;{}&#8221;][\/et_pb_divider][et_pb_toggle title=&#8221;English&#8221; icon_color=&#8221;#000000&#8243; toggle_icon=&#8221;&#x33;||divi||400&#8243; open_icon_color=&#8221;#000000&#8243; open_toggle_icon=&#8221;&#x32;||divi||400&#8243; _builder_version=&#8221;4.24.2&#8243; _module_preset=&#8221;default&#8221; background_color=&#8221;#FFFFFF&#8221; custom_padding=&#8221;0px|0px|0px|0px|false|false&#8221; border_width_all=&#8221;0px&#8221; global_colors_info=&#8221;{}&#8221;]<\/p>\n<p><span><i>There\u2019s nothing worth more<br \/><\/i><\/span><span><i>That will ever come close<br \/><\/i><\/span><span><i>Nothing can compare<br \/><\/i><\/span><span><i>You\u2019re our living Hope<br \/><\/i><\/span><span><i>Your presence, Lord<\/i><\/span><span><i><\/i><\/span><\/p>\n<p><span><i>I\u2019ve tasted and seen<br \/><\/i><\/span><span><i>Of the sweetest of love<br \/><\/i><\/span><span><i>When my heart becomes free<br \/><\/i><\/span><span><i>And my shame is undone<br \/><\/i><\/span><span><i>Your presence, Lord<\/i><\/span><\/p>\n<p><span><i>Holy Spirit You are welcome here<br \/><\/i><\/span><span><i>Come flood this place<br \/><\/i><\/span><span><i>And fill the atmosphere<br \/><\/i><\/span><span><i>Your glory God<br \/><\/i><\/span><span><i>Is what our hearts long for<br \/><\/i><\/span><span><i>To be overcome<br \/><\/i><\/span><span><i>By Your presence, Lord<\/i><\/span><\/p>\n<p><span><i>Let us become more aware<br \/><\/i><\/span><span><i>Of Your presence<br \/><\/i><\/span><span><i>Let us experience the glory<br \/><\/i><\/span><span><i>Of Your goodness<\/i><\/span><\/p>\n<p>[\/et_pb_toggle][et_pb_divider color=&#8221;#000000&#8243; _builder_version=&#8221;4.24.2&#8243; _module_preset=&#8221;default&#8221; custom_margin=&#8221;0px||0px||true|false&#8221; custom_padding=&#8221;0px||0px||true|false&#8221; global_colors_info=&#8221;{}&#8221;][\/et_pb_divider][et_pb_text _builder_version=&#8221;4.24.3&#8243; _module_preset=&#8221;default&#8221; text_font=&#8221;Baskervville||||||||&#8221; text_font_size=&#8221;17px&#8221; text_letter_spacing=&#8221;-0.5px&#8221; background_enable_color=&#8221;off&#8221; custom_padding=&#8221;15px|15px|15px|15px|true|true&#8221; hover_enabled=&#8221;0&#8243; border_width_all=&#8221;1px&#8221; global_colors_info=&#8221;{}&#8221; sticky_enabled=&#8221;0&#8243;]<\/p>\n<p><strong>If you are unable to attend our wedding and would like to bless us:<\/strong><\/p>\n<p><strong>United States<\/strong><br \/>Zelle: andr33a_b@yahoo.com<\/p>\n<p><strong>New Zealand<\/strong><br \/>Bank Transfer: 12-3040-0641084-60<br \/>Ref: Your Name<\/p>\n<p>[\/et_pb_text][\/et_pb_column][\/et_pb_row][et_pb_row _builder_version=&#8221;4.24.2&#8243; _module_preset=&#8221;default&#8221; max_width=&#8221;500px&#8221; custom_padding=&#8221;0px||||false|false&#8221; global_colors_info=&#8221;{}&#8221;][et_pb_column type=&#8221;4_4&#8243; _builder_version=&#8221;4.24.2&#8243; _module_preset=&#8221;default&#8221; global_colors_info=&#8221;{}&#8221;][et_pb_image src=&#8221;https:\/\/andreea.philbotha.co.nz\/wp-content\/uploads\/2024\/03\/web-footer-1.jpg&#8221; title_text=&#8221;web-footer&#8221; _builder_version=&#8221;4.24.2&#8243; _module_preset=&#8221;default&#8221; global_colors_info=&#8221;{}&#8221;][\/et_pb_image][\/et_pb_column][\/et_pb_row][\/et_pb_section][et_pb_section fb_built=&#8221;1&#8243; _builder_version=&#8221;4.23.3&#8243; _module_preset=&#8221;default&#8221; custom_margin=&#8221;0px||0px||true|false&#8221; custom_padding=&#8221;0px||0px||true|false&#8221; global_colors_info=&#8221;{}&#8221;][et_pb_row column_structure=&#8221;1_3,1_3,1_3&#8243; use_custom_gutter=&#8221;on&#8221; gutter_width=&#8221;1&#8243; make_equal=&#8221;on&#8221; _builder_version=&#8221;4.23.4&#8243; _module_preset=&#8221;default&#8221; width=&#8221;100%&#8221; max_width=&#8221;100%&#8221; custom_padding=&#8221;0px||0px||true|false&#8221; border_width_all=&#8221;5px&#8221; border_color_all=&#8221;#FFFFFF&#8221; border_width_bottom=&#8221;0px&#8221; border_width_bottom_tablet=&#8221;0px&#8221; border_width_bottom_phone=&#8221;0px&#8221; border_width_bottom_last_edited=&#8221;on|desktop&#8221; global_colors_info=&#8221;{}&#8221;][et_pb_column type=&#8221;1_3&#8243; _builder_version=&#8221;4.23.3&#8243; _module_preset=&#8221;default&#8221; background_image=&#8221;https:\/\/andreea.philbotha.co.nz\/wp-content\/uploads\/2023\/12\/image-1.jpg&#8221; border_width_all=&#8221;4px&#8221; border_color_all=&#8221;#FFFFFF&#8221; global_colors_info=&#8221;{}&#8221;][et_pb_image src=&#8221;https:\/\/andreea.philbotha.co.nz\/wp-content\/uploads\/2023\/12\/image-1.jpg&#8221; title_text=&#8221;image-1&#8243; show_in_lightbox=&#8221;on&#8221; _builder_version=&#8221;4.23.3&#8243; _module_preset=&#8221;default&#8221; filter_opacity=&#8221;0%&#8221; global_colors_info=&#8221;{}&#8221;][\/et_pb_image][\/et_pb_column][et_pb_column type=&#8221;1_3&#8243; _builder_version=&#8221;4.23.4&#8243; _module_preset=&#8221;default&#8221; background_image=&#8221;https:\/\/andreea.philbotha.co.nz\/wp-content\/uploads\/2024\/01\/132A0230.jpg&#8221; border_width_all=&#8221;4px&#8221; border_color_all=&#8221;#FFFFFF&#8221; global_colors_info=&#8221;{}&#8221;][et_pb_image src=&#8221;https:\/\/andreea.philbotha.co.nz\/wp-content\/uploads\/2024\/01\/132A0230.jpg&#8221; title_text=&#8221;132A0230&#8243; show_in_lightbox=&#8221;on&#8221; _builder_version=&#8221;4.23.4&#8243; _module_preset=&#8221;default&#8221; filter_opacity=&#8221;0%&#8221; global_colors_info=&#8221;{}&#8221;][\/et_pb_image][\/et_pb_column][et_pb_column type=&#8221;1_3&#8243; _builder_version=&#8221;4.23.3&#8243; _module_preset=&#8221;default&#8221; background_image=&#8221;https:\/\/andreea.philbotha.co.nz\/wp-content\/uploads\/2023\/12\/image-2.jpg&#8221; border_width_all=&#8221;4px&#8221; border_color_all=&#8221;#FFFFFF&#8221; global_colors_info=&#8221;{}&#8221;][et_pb_image src=&#8221;https:\/\/andreea.philbotha.co.nz\/wp-content\/uploads\/2023\/12\/image-2.jpg&#8221; title_text=&#8221;image-2&#8243; show_in_lightbox=&#8221;on&#8221; _builder_version=&#8221;4.23.3&#8243; _module_preset=&#8221;default&#8221; filter_opacity=&#8221;0%&#8221; global_colors_info=&#8221;{}&#8221;][\/et_pb_image][\/et_pb_column][\/et_pb_row][et_pb_row column_structure=&#8221;2_5,3_5&#8243; use_custom_gutter=&#8221;on&#8221; gutter_width=&#8221;1&#8243; make_equal=&#8221;on&#8221; _builder_version=&#8221;4.23.4&#8243; _module_preset=&#8221;default&#8221; width=&#8221;100%&#8221; max_width=&#8221;100%&#8221; custom_padding=&#8221;0px||0px||true|false&#8221; border_width_all=&#8221;5px&#8221; border_color_all=&#8221;#FFFFFF&#8221; border_width_top=&#8221;0px&#8221; border_width_bottom=&#8221;0px&#8221; border_width_top_tablet=&#8221;0px&#8221; border_width_top_phone=&#8221;0px&#8221; border_width_top_last_edited=&#8221;on|desktop&#8221; border_width_bottom_tablet=&#8221;0px&#8221; border_width_bottom_phone=&#8221;0px&#8221; border_width_bottom_last_edited=&#8221;on|desktop&#8221; global_colors_info=&#8221;{}&#8221;][et_pb_column type=&#8221;2_5&#8243; _builder_version=&#8221;4.23.4&#8243; _module_preset=&#8221;default&#8221; background_image=&#8221;https:\/\/andreea.philbotha.co.nz\/wp-content\/uploads\/2024\/01\/132A0382-Enhanced-NR.jpg&#8221; border_width_all=&#8221;4px&#8221; border_color_all=&#8221;#FFFFFF&#8221; global_colors_info=&#8221;{}&#8221;][et_pb_image src=&#8221;https:\/\/andreea.philbotha.co.nz\/wp-content\/uploads\/2024\/01\/132A0382-Enhanced-NR.jpg&#8221; title_text=&#8221;132A0382-Enhanced-NR&#8221; show_in_lightbox=&#8221;on&#8221; _builder_version=&#8221;4.23.4&#8243; _module_preset=&#8221;default&#8221; filter_opacity=&#8221;0%&#8221; global_colors_info=&#8221;{}&#8221;][\/et_pb_image][\/et_pb_column][et_pb_column type=&#8221;3_5&#8243; _builder_version=&#8221;4.23.4&#8243; _module_preset=&#8221;default&#8221; background_image=&#8221;https:\/\/andreea.philbotha.co.nz\/wp-content\/uploads\/2023\/12\/image-3.jpg&#8221; border_width_all=&#8221;4px&#8221; border_color_all=&#8221;#FFFFFF&#8221; global_colors_info=&#8221;{}&#8221;][et_pb_image src=&#8221;https:\/\/andreea.philbotha.co.nz\/wp-content\/uploads\/2023\/12\/image-3.jpg&#8221; title_text=&#8221;image-3&#8243; show_in_lightbox=&#8221;on&#8221; _builder_version=&#8221;4.23.3&#8243; _module_preset=&#8221;default&#8221; filter_opacity=&#8221;0%&#8221; global_colors_info=&#8221;{}&#8221;][\/et_pb_image][\/et_pb_column][\/et_pb_row][et_pb_row column_structure=&#8221;1_3,1_3,1_3&#8243; use_custom_gutter=&#8221;on&#8221; gutter_width=&#8221;1&#8243; make_equal=&#8221;on&#8221; _builder_version=&#8221;4.23.4&#8243; _module_preset=&#8221;default&#8221; width=&#8221;100%&#8221; max_width=&#8221;100%&#8221; custom_padding=&#8221;0px||0px||true|false&#8221; border_width_all=&#8221;5px&#8221; border_color_all=&#8221;#FFFFFF&#8221; border_width_top=&#8221;0px&#8221; border_width_top_tablet=&#8221;0px&#8221; border_width_top_phone=&#8221;0px&#8221; border_width_top_last_edited=&#8221;on|desktop&#8221; global_colors_info=&#8221;{}&#8221;][et_pb_column type=&#8221;1_3&#8243; _builder_version=&#8221;4.23.4&#8243; _module_preset=&#8221;default&#8221; background_image=&#8221;https:\/\/andreea.philbotha.co.nz\/wp-content\/uploads\/2024\/01\/132A0553-scaled.jpg&#8221; border_width_all=&#8221;4px&#8221; border_color_all=&#8221;#FFFFFF&#8221; global_colors_info=&#8221;{}&#8221;][et_pb_image src=&#8221;https:\/\/andreea.philbotha.co.nz\/wp-content\/uploads\/2024\/01\/132A0553-scaled.jpg&#8221; title_text=&#8221;132A0553&#8243; show_in_lightbox=&#8221;on&#8221; _builder_version=&#8221;4.23.4&#8243; _module_preset=&#8221;default&#8221; filter_opacity=&#8221;0%&#8221; global_colors_info=&#8221;{}&#8221;][\/et_pb_image][\/et_pb_column][et_pb_column type=&#8221;1_3&#8243; _builder_version=&#8221;4.23.4&#8243; _module_preset=&#8221;default&#8221; background_image=&#8221;https:\/\/andreea.philbotha.co.nz\/wp-content\/uploads\/2024\/01\/132A0127.jpg&#8221; border_width_all=&#8221;4px&#8221; border_color_all=&#8221;#FFFFFF&#8221; global_colors_info=&#8221;{}&#8221;][et_pb_image src=&#8221;https:\/\/andreea.philbotha.co.nz\/wp-content\/uploads\/2024\/01\/132A0127.jpg&#8221; title_text=&#8221;132A0127&#8243; show_in_lightbox=&#8221;on&#8221; _builder_version=&#8221;4.23.4&#8243; _module_preset=&#8221;default&#8221; filter_opacity=&#8221;0%&#8221; global_colors_info=&#8221;{}&#8221;][\/et_pb_image][\/et_pb_column][et_pb_column type=&#8221;1_3&#8243; _builder_version=&#8221;4.23.4&#8243; _module_preset=&#8221;default&#8221; background_image=&#8221;https:\/\/andreea.philbotha.co.nz\/wp-content\/uploads\/2024\/01\/132A0213.jpg&#8221; border_width_all=&#8221;4px&#8221; border_color_all=&#8221;#FFFFFF&#8221; global_colors_info=&#8221;{}&#8221;][et_pb_image src=&#8221;https:\/\/andreea.philbotha.co.nz\/wp-content\/uploads\/2024\/01\/132A0213.jpg&#8221; title_text=&#8221;132A0213&#8243; show_in_lightbox=&#8221;on&#8221; _builder_version=&#8221;4.23.4&#8243; _module_preset=&#8221;default&#8221; filter_opacity=&#8221;0%&#8221; global_colors_info=&#8221;{}&#8221;][\/et_pb_image][\/et_pb_column][\/et_pb_row][\/et_pb_section][et_pb_section fb_built=&#8221;1&#8243; _builder_version=&#8221;4.23.3&#8243; _module_preset=&#8221;default&#8221; background_color=&#8221;RGBA(255,255,255,0)&#8221; min_height=&#8221;0px&#8221; height=&#8221;0px&#8221; max_height=&#8221;0px&#8221; custom_margin=&#8221;0px||0px||true|false&#8221; custom_padding=&#8221;0px||0px||true|false&#8221; global_colors_info=&#8221;{}&#8221;][\/et_pb_section][et_pb_section fb_built=&#8221;1&#8243; _builder_version=&#8221;4.23.3&#8243; _module_preset=&#8221;default&#8221; background_color=&#8221;RGBA(255,255,255,0)&#8221; min_height=&#8221;0px&#8221; height=&#8221;0px&#8221; max_height=&#8221;0px&#8221; custom_margin=&#8221;0px||0px||true|false&#8221; custom_padding=&#8221;0px||0px||true|false&#8221; global_colors_info=&#8221;{}&#8221;][\/et_pb_section]<\/p>\n","protected":false},"excerpt":{"rendered":"<p>Andreea &amp; Phil Welcome you to celebrate their vows before God,3pm March 16th \u201924 (California Time).We will be livestreaming our Wedding from here. Stay tuned.Timezones: New Zealand time will be 11am Sunday March 17th, Romanian &amp; South African times will be midnight March 17th.Programme begins 3pm \u00cencepe CeremoniaCeremony Commences Intrarea MireseiBride\u2019s Entrance Bun venit \u0219i [&hellip;]<\/p>\n","protected":false},"author":1,"featured_media":0,"parent":0,"menu_order":0,"comment_status":"closed","ping_status":"closed","template":"","meta":{"_et_pb_use_builder":"on","_et_pb_old_content":"<!-- wp:paragraph -->\n<p>This is an example page. It's different from a blog post because it will stay in one place and will show up in your site navigation (in most themes). Most people start with an About page that introduces them to potential site visitors. It might say something like this:<\/p>\n<!-- \/wp:paragraph -->\n\n<!-- wp:quote -->\n<blockquote class=\"wp-block-quote\"><p>Hi there! I'm a bike messenger by day, aspiring actor by night, and this is my website. I live in Los Angeles, have a great dog named Jack, and I like pi&#241;a coladas. (And gettin' caught in the rain.)<\/p><\/blockquote>\n<!-- \/wp:quote -->\n\n<!-- wp:paragraph -->\n<p>...or something like this:<\/p>\n<!-- \/wp:paragraph -->\n\n<!-- wp:quote -->\n<blockquote class=\"wp-block-quote\"><p>The XYZ Doohickey Company was founded in 1971, and has been providing quality doohickeys to the public ever since. Located in Gotham City, XYZ employs over 2,000 people and does all kinds of awesome things for the Gotham community.<\/p><\/blockquote>\n<!-- \/wp:quote -->\n\n<!-- wp:paragraph -->\n<p>As a new WordPress user, you should go to <a href=\"https:\/\/andreea.philbotha.co.nz\/wp-admin\/\">your dashboard<\/a> to delete this page and create new pages for your content. Have fun!<\/p>\n<!-- \/wp:paragraph -->","_et_gb_content_width":"","footnotes":""},"class_list":["post-2","page","type-page","status-publish","hentry"],"_links":{"self":[{"href":"https:\/\/andreea.philbotha.co.nz\/index.php\/wp-json\/wp\/v2\/pages\/2","targetHints":{"allow":["GET"]}}],"collection":[{"href":"https:\/\/andreea.philbotha.co.nz\/index.php\/wp-json\/wp\/v2\/pages"}],"about":[{"href":"https:\/\/andreea.philbotha.co.nz\/index.php\/wp-json\/wp\/v2\/types\/page"}],"author":[{"embeddable":true,"href":"https:\/\/andreea.philbotha.co.nz\/index.php\/wp-json\/wp\/v2\/users\/1"}],"replies":[{"embeddable":true,"href":"https:\/\/andreea.philbotha.co.nz\/index.php\/wp-json\/wp\/v2\/comments?post=2"}],"version-history":[{"count":40,"href":"https:\/\/andreea.philbotha.co.nz\/index.php\/wp-json\/wp\/v2\/pages\/2\/revisions"}],"predecessor-version":[{"id":159,"href":"https:\/\/andreea.philbotha.co.nz\/index.php\/wp-json\/wp\/v2\/pages\/2\/revisions\/159"}],"wp:attachment":[{"href":"https:\/\/andreea.philbotha.co.nz\/index.php\/wp-json\/wp\/v2\/media?parent=2"}],"curies":[{"name":"wp","href":"https:\/\/api.w.org\/{rel}","templated":true}]}}